{"id":257,"date":"2023-06-07T06:41:09","date_gmt":"2023-06-07T06:41:09","guid":{"rendered":"https:\/\/www.crlawspecialists.com\/?page_id=257"},"modified":"2024-01-25T04:13:47","modified_gmt":"2024-01-25T04:13:47","slug":"blog","status":"publish","type":"page","link":"https:\/\/www.crlawspecialists.com\/es\/blog\/","title":{"rendered":"Noticias Legales"},"content":{"rendered":"<div data-elementor-type=\"wp-page\" data-elementor-id=\"257\" class=\"elementor elementor-257\">\n\t\t\t\t\t\t<section class=\"elementor-section elementor-top-section elementor-element elementor-element-2fb7517 elementor-section-full_width elementor-section-stretched elementor-section-height-default elementor-section-height-default\" data-id=\"2fb7517\" data-element_type=\"section\" data-e-type=\"section\" data-settings=\"{&quot;stretch_section&quot;:&quot;section-stretched&quot;,&quot;wdt_bg_image&quot;:{&quot;url&quot;:&quot;&quot;,&quot;id&quot;:&quot;&quot;,&quot;size&quot;:&quot;&quot;},&quot;wdt_bg_image_laptop&quot;:{&quot;url&quot;:&quot;&quot;,&quot;id&quot;:&quot;&quot;,&quot;size&quot;:&quot;&quot;},&quot;wdt_bg_image_tablet_extra&quot;:{&quot;url&quot;:&quot;&quot;,&quot;id&quot;:&quot;&quot;,&quot;size&quot;:&quot;&quot;},&quot;wdt_bg_image_tablet&quot;:{&quot;url&quot;:&quot;&quot;,&quot;id&quot;:&quot;&quot;,&quot;size&quot;:&quot;&quot;},&quot;wdt_bg_image_mobile_extra&quot;:{&quot;url&quot;:&quot;&quot;,&quot;id&quot;:&quot;&quot;,&quot;size&quot;:&quot;&quot;},&quot;wdt_bg_image_mobile&quot;:{&quot;url&quot;:&quot;&quot;,&quot;id&quot;:&quot;&quot;,&quot;size&quot;:&quot;&quot;},&quot;wdt_bg_position&quot;:&quot;center center&quot;,&quot;wdt_animation_effect&quot;:&quot;none&quot;}\">\n\t\t\t\t\t\t<div class=\"elementor-container elementor-column-gap-no\">\n\t\t\t\t\t<div class=\"elementor-column elementor-col-100 elementor-top-column elementor-element elementor-element-d65afa0\" data-id=\"d65afa0\" data-element_type=\"column\" data-e-type=\"column\">\n\t\t\t<div class=\"elementor-widget-wrap elementor-element-populated\">\n\t\t\t\t\t\t<section class=\"elementor-section elementor-inner-section elementor-element elementor-element-2f927e2 elementor-section-full_width elementor-section-height-default elementor-section-height-default\" data-id=\"2f927e2\" data-element_type=\"section\" data-e-type=\"section\" data-settings=\"{&quot;wdt_bg_image&quot;:{&quot;url&quot;:&quot;&quot;,&quot;id&quot;:&quot;&quot;,&quot;size&quot;:&quot;&quot;},&quot;wdt_bg_image_laptop&quot;:{&quot;url&quot;:&quot;&quot;,&quot;id&quot;:&quot;&quot;,&quot;size&quot;:&quot;&quot;},&quot;wdt_bg_image_tablet_extra&quot;:{&quot;url&quot;:&quot;&quot;,&quot;id&quot;:&quot;&quot;,&quot;size&quot;:&quot;&quot;},&quot;wdt_bg_image_tablet&quot;:{&quot;url&quot;:&quot;&quot;,&quot;id&quot;:&quot;&quot;,&quot;size&quot;:&quot;&quot;},&quot;wdt_bg_image_mobile_extra&quot;:{&quot;url&quot;:&quot;&quot;,&quot;id&quot;:&quot;&quot;,&quot;size&quot;:&quot;&quot;},&quot;wdt_bg_image_mobile&quot;:{&quot;url&quot;:&quot;&quot;,&quot;id&quot;:&quot;&quot;,&quot;size&quot;:&quot;&quot;},&quot;wdt_bg_position&quot;:&quot;center center&quot;,&quot;wdt_animation_effect&quot;:&quot;none&quot;}\">\n\t\t\t\t\t\t<div class=\"elementor-container elementor-column-gap-no\">\n\t\t\t\t\t<div class=\"elementor-column elementor-col-100 elementor-inner-column elementor-element elementor-element-7c41e47\" data-id=\"7c41e47\" data-element_type=\"column\" data-e-type=\"column\">\n\t\t\t<div class=\"elementor-widget-wrap elementor-element-populated\">\n\t\t\t\t\t\t<div class=\"elementor-element elementor-element-2e8b8bd elementor-widget elementor-widget-wdt-blog-posts\" data-id=\"2e8b8bd\" data-element_type=\"widget\" data-e-type=\"widget\" data-settings=\"{&quot;wdt_animation_effect&quot;:&quot;none&quot;}\" data-widget_type=\"wdt-blog-posts.default\">\n\t\t\t\t<div class=\"elementor-widget-container\">\n\t\t\t\t\t<div class=\"wdt-posts-list-wrapper  wdt-post-list-carousel-2e8b8bd\" ><div class='tpl-blog-holder  apply-equal-height'><div class='grid-sizer  entry-grid-layout wdt-simple-style wdt-fadeinleft-hover wdt-default-overlay alignnone column wdt-one-half wdt-post-entry'><\/div><div class=\"entry-grid-layout wdt-simple-style wdt-fadeinleft-hover wdt-default-overlay alignnone column wdt-one-half wdt-post-entry\"><article id=\"post-3227\" class=\"post-3227 post type-post status-publish format-standard has-post-thumbnail hentry category-consultation tag-abogado-corporativo-costa-rica tag-actualizacion-registral-sociedad-anonima tag-correo-electronico-sociedades-mercantiles-costa-rica tag-correo-oficial-notificaciones tag-cumplimiento-corporativo-costa-rica tag-defecto-registral-costa-rica tag-directriz-dpj-002-2025 tag-inscribir-correo-electronico-sociedad tag-ley-10597-costa-rica tag-notificaciones-electronicas-sociedades tag-registro-nacional-costa-rica tag-regularizacion-sociedades-mercantiles tag-sociedad-anonima-costa-rica tag-tramite-societario-costa-rica blog-entry\">\n\n\n\t<!-- Featured Image -->\n\t<div class=\"entry-thumb\">\n\t\t\n<a href=\"https:\/\/www.crlawspecialists.com\/es\/how-to-select-the-appropriate-attorney-for-your-case-2-2\/\" title=\"Permalink to Correo electr\u00f3nico en sociedades mercantiles: una obligaci\u00f3n legal que su empresa no puede ignorar\"><img fetchpriority=\"high\" decoding=\"async\" width=\"1920\" height=\"1080\" src=\"https:\/\/www.crlawspecialists.com\/wp-content\/uploads\/2026\/05\/SuCorreo.jpg\" class=\"attachment-wdt-blog-ii-column size-wdt-blog-ii-column wp-post-image\" alt=\"\" srcset=\"https:\/\/www.crlawspecialists.com\/wp-content\/uploads\/2026\/05\/SuCorreo.jpg 1920w, https:\/\/www.crlawspecialists.com\/wp-content\/uploads\/2026\/05\/SuCorreo-300x169.jpg 300w, https:\/\/www.crlawspecialists.com\/wp-content\/uploads\/2026\/05\/SuCorreo-1024x576.jpg 1024w, https:\/\/www.crlawspecialists.com\/wp-content\/uploads\/2026\/05\/SuCorreo-768x432.jpg 768w, https:\/\/www.crlawspecialists.com\/wp-content\/uploads\/2026\/05\/SuCorreo-1536x864.jpg 1536w, https:\/\/www.crlawspecialists.com\/wp-content\/uploads\/2026\/05\/SuCorreo-18x10.jpg 18w, https:\/\/www.crlawspecialists.com\/wp-content\/uploads\/2026\/05\/SuCorreo-1000x563.jpg 1000w\" sizes=\"(max-width: 1920px) 100vw, 1920px\" \/><\/a>\n        <\/div><!-- Featured Image --><div class=\"entry-meta-group\">\r\n<!-- Entry Date -->\r\n<div class=\"entry-date\">\r\n\t<!-- <i class=\"wdticon-calendar\"> <\/i> -->\r\n\tmayo 13, 2026<\/div><!-- Entry Date -->\n<!-- Entry Author -->\n<div class=\"entry-author\">\n    <i class=\"wdticon-user\"> <\/i>\n    <a href=\"https:\/\/www.crlawspecialists.com\/es\/author\/\"\n        title=\"View all posts by \"><\/a>\n<\/div><!-- Entry Author --><\/div>\n<!-- Entry Title -->\n<div class=\"entry-title\">\n\t<h4>    \t<a href=\"https:\/\/www.crlawspecialists.com\/es\/how-to-select-the-appropriate-attorney-for-your-case-2-2\/\" title=\"Permalink to Correo electr\u00f3nico en sociedades mercantiles: una obligaci\u00f3n legal que su empresa no puede ignorar\">Correo electr\u00f3nico en sociedades mercantiles: una obligaci\u00f3n legal que su empresa no puede ignorar<\/a>\n\t<\/h4>\n<\/div><!-- Entry Title -->\n\t<div class=\"entry-body\"><p>Inscripci\u00f3n del correo electr\u00f3nico de sociedades mercantiles en Costa Rica: qu\u00e9 deben hacer las...<\/p><\/div>\n\n<!-- Entry Button --><div class=\"entry-button wdt-core-button\"><a href=\"https:\/\/www.crlawspecialists.com\/es\/how-to-select-the-appropriate-attorney-for-your-case-2-2\/\" title=\"Correo electr\u00f3nico en sociedades mercantiles: una obligaci\u00f3n legal que su empresa no puede ignorar\" class=\"wdt-button\">Read More<span><svg xmlns=\"http:\/\/www.w3.org\/2000\/svg\" xmlns:xlink=\"http:\/\/www.w3.org\/1999\/xlink\" x=\"0px\" y=\"0px\" viewbox=\"0 0 100 59\" style=\"enable-background:new 0 0 100 59;\" xml:space=\"preserve\"><polygon points=\"59.9,6.1 79.4,25.7 6,25.7 6,33.3 79.4,33.3 59.9,52.9 65.3,58.2 94,29.5 65.3,0.8 \"><\/polygon><\/svg><\/span><\/a><\/div><!-- Entry Button --><\/article><\/div><div class=\"entry-grid-layout wdt-simple-style wdt-fadeinleft-hover wdt-default-overlay alignnone column wdt-one-half wdt-post-entry\"><article id=\"post-3194\" class=\"post-3194 post type-post status-publish format-standard has-post-thumbnail hentry category-consultation blog-entry\">\n\n\n\t<!-- Featured Image -->\n\t<div class=\"entry-thumb\">\n\t\t\n<a href=\"https:\/\/www.crlawspecialists.com\/es\/how-to-select-the-appropriate-attorney-for-your-case-2\/\" title=\"Permalink to Costa Rica Law Specialists le Apoya en la Formalizaci\u00f3n de su ONG\"><img decoding=\"async\" width=\"1000\" height=\"563\" src=\"https:\/\/www.crlawspecialists.com\/wp-content\/uploads\/2023\/10\/Untitled-design-38.png\" class=\"attachment-wdt-blog-ii-column size-wdt-blog-ii-column wp-post-image\" alt=\"\" srcset=\"https:\/\/www.crlawspecialists.com\/wp-content\/uploads\/2023\/10\/Untitled-design-38.png 1000w, https:\/\/www.crlawspecialists.com\/wp-content\/uploads\/2023\/10\/Untitled-design-38-300x169.png 300w, https:\/\/www.crlawspecialists.com\/wp-content\/uploads\/2023\/10\/Untitled-design-38-768x432.png 768w, https:\/\/www.crlawspecialists.com\/wp-content\/uploads\/2023\/10\/Untitled-design-38-18x10.png 18w\" sizes=\"(max-width: 1000px) 100vw, 1000px\" \/><\/a>\n        <\/div><!-- Featured Image --><div class=\"entry-meta-group\">\r\n<!-- Entry Date -->\r\n<div class=\"entry-date\">\r\n\t<!-- <i class=\"wdticon-calendar\"> <\/i> -->\r\n\tfebrero 19, 2024<\/div><!-- Entry Date -->\n<!-- Entry Author -->\n<div class=\"entry-author\">\n    <i class=\"wdticon-user\"> <\/i>\n    <a href=\"https:\/\/www.crlawspecialists.com\/es\/author\/\"\n        title=\"View all posts by \"><\/a>\n<\/div><!-- Entry Author --><\/div>\n<!-- Entry Title -->\n<div class=\"entry-title\">\n\t<h4>    \t<a href=\"https:\/\/www.crlawspecialists.com\/es\/how-to-select-the-appropriate-attorney-for-your-case-2\/\" title=\"Permalink to Costa Rica Law Specialists le Apoya en la Formalizaci\u00f3n de su ONG\">Costa Rica Law Specialists le Apoya en la Formalizaci\u00f3n de su ONG<\/a>\n\t<\/h4>\n<\/div><!-- Entry Title -->\n\t<div class=\"entry-body\"><p>Organizaciones sin fines de lucro en Costa Rica Costa Rica, conocido por su compromiso...<\/p><\/div>\n\n<!-- Entry Button --><div class=\"entry-button wdt-core-button\"><a href=\"https:\/\/www.crlawspecialists.com\/es\/how-to-select-the-appropriate-attorney-for-your-case-2\/\" title=\"Costa Rica Law Specialists le Apoya en la Formalizaci\u00f3n de su ONG\" class=\"wdt-button\">Read More<span><svg xmlns=\"http:\/\/www.w3.org\/2000\/svg\" xmlns:xlink=\"http:\/\/www.w3.org\/1999\/xlink\" x=\"0px\" y=\"0px\" viewbox=\"0 0 100 59\" style=\"enable-background:new 0 0 100 59;\" xml:space=\"preserve\"><polygon points=\"59.9,6.1 79.4,25.7 6,25.7 6,33.3 79.4,33.3 59.9,52.9 65.3,58.2 94,29.5 65.3,0.8 \"><\/polygon><\/svg><\/span><\/a><\/div><!-- Entry Button --><\/article><\/div><div class=\"entry-grid-layout wdt-simple-style wdt-fadeinleft-hover wdt-default-overlay alignnone column wdt-one-half wdt-post-entry\"><article id=\"post-2050\" class=\"post-2050 post type-post status-publish format-standard has-post-thumbnail hentry category-consultation blog-entry\">\n\n\n\t<!-- Featured Image -->\n\t<div class=\"entry-thumb\">\n\t\t\n<a href=\"https:\/\/www.crlawspecialists.com\/es\/how-to-select-the-appropriate-attorney-for-your-case\/\" title=\"Permalink to Why Choose Costa Rica for living or business?\"><img decoding=\"async\" width=\"1000\" height=\"563\" src=\"https:\/\/www.crlawspecialists.com\/wp-content\/uploads\/2023\/10\/Untitled-design-38.png\" class=\"attachment-wdt-blog-ii-column size-wdt-blog-ii-column wp-post-image\" alt=\"\" srcset=\"https:\/\/www.crlawspecialists.com\/wp-content\/uploads\/2023\/10\/Untitled-design-38.png 1000w, https:\/\/www.crlawspecialists.com\/wp-content\/uploads\/2023\/10\/Untitled-design-38-300x169.png 300w, https:\/\/www.crlawspecialists.com\/wp-content\/uploads\/2023\/10\/Untitled-design-38-768x432.png 768w, https:\/\/www.crlawspecialists.com\/wp-content\/uploads\/2023\/10\/Untitled-design-38-18x10.png 18w\" sizes=\"(max-width: 1000px) 100vw, 1000px\" \/><\/a>\n        <\/div><!-- Featured Image --><div class=\"entry-meta-group\">\r\n<!-- Entry Date -->\r\n<div class=\"entry-date\">\r\n\t<!-- <i class=\"wdticon-calendar\"> <\/i> -->\r\n\toctubre 19, 2023<\/div><!-- Entry Date -->\n<!-- Entry Author -->\n<div class=\"entry-author\">\n    <i class=\"wdticon-user\"> <\/i>\n    <a href=\"https:\/\/www.crlawspecialists.com\/es\/author\/\"\n        title=\"View all posts by \"><\/a>\n<\/div><!-- Entry Author --><\/div>\n<!-- Entry Title -->\n<div class=\"entry-title\">\n\t<h4>    \t<a href=\"https:\/\/www.crlawspecialists.com\/es\/how-to-select-the-appropriate-attorney-for-your-case\/\" title=\"Permalink to Why Choose Costa Rica for living or business?\">Why Choose Costa Rica for living or business?<\/a>\n\t<\/h4>\n<\/div><!-- Entry Title -->\n\t<div class=\"entry-body\"><p>Why Choose Costa Rica Costa Rica, a small but captivating country in Central America,...<\/p><\/div>\n\n<!-- Entry Button --><div class=\"entry-button wdt-core-button\"><a href=\"https:\/\/www.crlawspecialists.com\/es\/how-to-select-the-appropriate-attorney-for-your-case\/\" title=\"Why Choose Costa Rica for living or business?\" class=\"wdt-button\">Read More<span><svg xmlns=\"http:\/\/www.w3.org\/2000\/svg\" xmlns:xlink=\"http:\/\/www.w3.org\/1999\/xlink\" x=\"0px\" y=\"0px\" viewbox=\"0 0 100 59\" style=\"enable-background:new 0 0 100 59;\" xml:space=\"preserve\"><polygon points=\"59.9,6.1 79.4,25.7 6,25.7 6,33.3 79.4,33.3 59.9,52.9 65.3,58.2 94,29.5 65.3,0.8 \"><\/polygon><\/svg><\/span><\/a><\/div><!-- Entry Button --><\/article><\/div><div class=\"entry-grid-layout wdt-simple-style wdt-fadeinleft-hover wdt-default-overlay alignnone column wdt-one-half wdt-post-entry\"><article id=\"post-2056\" class=\"post-2056 post type-post status-publish format-standard has-post-thumbnail hentry category-consultation blog-entry\">\n\n\n\t<!-- Featured Image -->\n\t<div class=\"entry-thumb\">\n\t\t\n<a href=\"https:\/\/www.crlawspecialists.com\/es\/the-advantages-of-using-a-public-defender\/\" title=\"Permalink to Costa Rica Corporate Formation: Your Gateway To Business Success\"><img decoding=\"async\" width=\"1120\" height=\"630\" src=\"https:\/\/www.crlawspecialists.com\/wp-content\/uploads\/2023\/10\/Untitled-design-40.png\" class=\"attachment-wdt-blog-ii-column size-wdt-blog-ii-column wp-post-image\" alt=\"\" srcset=\"https:\/\/www.crlawspecialists.com\/wp-content\/uploads\/2023\/10\/Untitled-design-40.png 1120w, https:\/\/www.crlawspecialists.com\/wp-content\/uploads\/2023\/10\/Untitled-design-40-300x169.png 300w, https:\/\/www.crlawspecialists.com\/wp-content\/uploads\/2023\/10\/Untitled-design-40-1024x576.png 1024w, https:\/\/www.crlawspecialists.com\/wp-content\/uploads\/2023\/10\/Untitled-design-40-768x432.png 768w, https:\/\/www.crlawspecialists.com\/wp-content\/uploads\/2023\/10\/Untitled-design-40-18x10.png 18w, https:\/\/www.crlawspecialists.com\/wp-content\/uploads\/2023\/10\/Untitled-design-40-1000x563.png 1000w\" sizes=\"(max-width: 1120px) 100vw, 1120px\" \/><\/a>\n        <\/div><!-- Featured Image --><div class=\"entry-meta-group\">\r\n<!-- Entry Date -->\r\n<div class=\"entry-date\">\r\n\t<!-- <i class=\"wdticon-calendar\"> <\/i> -->\r\n\toctubre 19, 2023<\/div><!-- Entry Date -->\n<!-- Entry Author -->\n<div class=\"entry-author\">\n    <i class=\"wdticon-user\"> <\/i>\n    <a href=\"https:\/\/www.crlawspecialists.com\/es\/author\/\"\n        title=\"View all posts by \"><\/a>\n<\/div><!-- Entry Author --><\/div>\n<!-- Entry Title -->\n<div class=\"entry-title\">\n\t<h4>    \t<a href=\"https:\/\/www.crlawspecialists.com\/es\/the-advantages-of-using-a-public-defender\/\" title=\"Permalink to Costa Rica Corporate Formation: Your Gateway To Business Success\">Costa Rica Corporate Formation: Your Gateway To Business Success<\/a>\n\t<\/h4>\n<\/div><!-- Entry Title -->\n\t<div class=\"entry-body\"><p>Costa Rica Corporate Formation: Your Gateway to Business Success Are you considering expanding your...<\/p><\/div>\n\n<!-- Entry Button --><div class=\"entry-button wdt-core-button\"><a href=\"https:\/\/www.crlawspecialists.com\/es\/the-advantages-of-using-a-public-defender\/\" title=\"Costa Rica Corporate Formation: Your Gateway To Business Success\" class=\"wdt-button\">Read More<span><svg xmlns=\"http:\/\/www.w3.org\/2000\/svg\" xmlns:xlink=\"http:\/\/www.w3.org\/1999\/xlink\" x=\"0px\" y=\"0px\" viewbox=\"0 0 100 59\" style=\"enable-background:new 0 0 100 59;\" xml:space=\"preserve\"><polygon points=\"59.9,6.1 79.4,25.7 6,25.7 6,33.3 79.4,33.3 59.9,52.9 65.3,58.2 94,29.5 65.3,0.8 \"><\/polygon><\/svg><\/span><\/a><\/div><!-- Entry Button --><\/article><\/div><div class=\"entry-grid-layout wdt-simple-style wdt-fadeinleft-hover wdt-default-overlay alignnone column wdt-one-half wdt-post-entry\"><article id=\"post-2051\" class=\"post-2051 post type-post status-publish format-standard has-post-thumbnail hentry category-consultation tag-civil-law blog-entry\">\n\n\n\t<!-- Featured Image -->\n\t<div class=\"entry-thumb\">\n\t\t\n<a href=\"https:\/\/www.crlawspecialists.com\/es\/how-technology-affects-the-legal-sector\/\" title=\"Permalink to Residency Options In Costa Rica: A Comprehensive Guide For Expats\"><img loading=\"lazy\" decoding=\"async\" width=\"1120\" height=\"630\" src=\"https:\/\/www.crlawspecialists.com\/wp-content\/uploads\/2023\/10\/17.png\" class=\"attachment-wdt-blog-ii-column size-wdt-blog-ii-column wp-post-image\" alt=\"\" srcset=\"https:\/\/www.crlawspecialists.com\/wp-content\/uploads\/2023\/10\/17.png 1120w, https:\/\/www.crlawspecialists.com\/wp-content\/uploads\/2023\/10\/17-300x169.png 300w, https:\/\/www.crlawspecialists.com\/wp-content\/uploads\/2023\/10\/17-1024x576.png 1024w, https:\/\/www.crlawspecialists.com\/wp-content\/uploads\/2023\/10\/17-768x432.png 768w, https:\/\/www.crlawspecialists.com\/wp-content\/uploads\/2023\/10\/17-18x10.png 18w, https:\/\/www.crlawspecialists.com\/wp-content\/uploads\/2023\/10\/17-1000x563.png 1000w\" sizes=\"(max-width: 1120px) 100vw, 1120px\" \/><\/a>\n        <\/div><!-- Featured Image --><div class=\"entry-meta-group\">\r\n<!-- Entry Date -->\r\n<div class=\"entry-date\">\r\n\t<!-- <i class=\"wdticon-calendar\"> <\/i> -->\r\n\toctubre 19, 2023<\/div><!-- Entry Date -->\n<!-- Entry Author -->\n<div class=\"entry-author\">\n    <i class=\"wdticon-user\"> <\/i>\n    <a href=\"https:\/\/www.crlawspecialists.com\/es\/author\/\"\n        title=\"View all posts by \"><\/a>\n<\/div><!-- Entry Author --><\/div>\n<!-- Entry Title -->\n<div class=\"entry-title\">\n\t<h4>    \t<a href=\"https:\/\/www.crlawspecialists.com\/es\/how-technology-affects-the-legal-sector\/\" title=\"Permalink to Residency Options In Costa Rica: A Comprehensive Guide For Expats\">Residency Options In Costa Rica: A Comprehensive Guide For Expats<\/a>\n\t<\/h4>\n<\/div><!-- Entry Title -->\n\t<div class=\"entry-body\"><p>Residency Options in Costa Rica: A Comprehensive Guide for Expats Are you considering a...<\/p><\/div>\n\n<!-- Entry Button --><div class=\"entry-button wdt-core-button\"><a href=\"https:\/\/www.crlawspecialists.com\/es\/how-technology-affects-the-legal-sector\/\" title=\"Residency Options In Costa Rica: A Comprehensive Guide For Expats\" class=\"wdt-button\">Read More<span><svg xmlns=\"http:\/\/www.w3.org\/2000\/svg\" xmlns:xlink=\"http:\/\/www.w3.org\/1999\/xlink\" x=\"0px\" y=\"0px\" viewbox=\"0 0 100 59\" style=\"enable-background:new 0 0 100 59;\" xml:space=\"preserve\"><polygon points=\"59.9,6.1 79.4,25.7 6,25.7 6,33.3 79.4,33.3 59.9,52.9 65.3,58.2 94,29.5 65.3,0.8 \"><\/polygon><\/svg><\/span><\/a><\/div><!-- Entry Button --><\/article><\/div><\/div><div class=\"pagination blog-pagination\"><\/div><\/div>\t\t\t\t<\/div>\n\t\t\t\t<\/div>\n\t\t\t\t\t<\/div>\n\t\t<\/div>\n\t\t\t\t\t<\/div>\n\t\t<\/section>\n\t\t\t\t\t<\/div>\n\t\t<\/div>\n\t\t\t\t\t<\/div>\n\t\t<\/section>\n\t\t\t\t<\/div>","protected":false},"excerpt":{"rendered":"<p>June 22, 2023 Admin Consult a solution with our lawyers Phasellus faucibus scelerisque eleifend donec. Sit amet aliquam id diam. Scelerisque varius morbi enim&#8230; Read More June 22, 2023 Admin Get finance Consult benefits From lawyers Phasellus faucibus scelerisque eleifend donec. Sit amet aliquam id diam. Scelerisque varius morbi enim&#8230; Read More June 22, 2023 [&hellip;]<\/p>\n","protected":false},"author":2,"featured_media":0,"parent":0,"menu_order":0,"comment_status":"closed","ping_status":"closed","template":"","meta":{"footnotes":""},"class_list":["post-257","page","type-page","status-publish","hentry","blog-entry","format-standard"],"_links":{"self":[{"href":"https:\/\/www.crlawspecialists.com\/es\/wp-json\/wp\/v2\/pages\/257","targetHints":{"allow":["GET"]}}],"collection":[{"href":"https:\/\/www.crlawspecialists.com\/es\/wp-json\/wp\/v2\/pages"}],"about":[{"href":"https:\/\/www.crlawspecialists.com\/es\/wp-json\/wp\/v2\/types\/page"}],"author":[{"embeddable":true,"href":"https:\/\/www.crlawspecialists.com\/es\/wp-json\/wp\/v2\/users\/2"}],"replies":[{"embeddable":true,"href":"https:\/\/www.crlawspecialists.com\/es\/wp-json\/wp\/v2\/comments?post=257"}],"version-history":[{"count":2,"href":"https:\/\/www.crlawspecialists.com\/es\/wp-json\/wp\/v2\/pages\/257\/revisions"}],"predecessor-version":[{"id":3118,"href":"https:\/\/www.crlawspecialists.com\/es\/wp-json\/wp\/v2\/pages\/257\/revisions\/3118"}],"wp:attachment":[{"href":"https:\/\/www.crlawspecialists.com\/es\/wp-json\/wp\/v2\/media?parent=257"}],"curies":[{"name":"wp","href":"https:\/\/api.w.org\/{rel}","templated":true}]}}